{"id":27,"date":"2024-02-18T20:13:41","date_gmt":"2024-02-18T20:13:41","guid":{"rendered":"https:\/\/xn--sina-schnbrunn-2pb.de\/?page_id=27"},"modified":"2024-08-27T16:12:46","modified_gmt":"2024-08-27T15:12:46","slug":"mein-seelow","status":"publish","type":"page","link":"https:\/\/xn--sina-schnbrunn-2pb.de\/index.php\/mein-seelow\/","title":{"rendered":"Mein Seelow"},"content":{"rendered":"\n<h2 class=\"wp-block-heading has-text-color has-link-color wp-elements-b9d3e3dcdd66477ef5450cf4fac99049\" style=\"color:#e3000f\">Mein Seelow<\/h2>\n\n\n\n<p>Seit meiner Geburt lebe ich mit meiner Familie in Seelow, der kleinsten Kreisstadt Deutschlands. Seelow liegt auf der Hochebene des Oderbruchs und an zwei ehemals bedeutenden Handelsstra\u00dfen.<\/p>\n\n\n\n<p>Unser verstorbener B\u00fcrgermeister J\u00f6rg Schr\u00f6der pflegte zu sagen: \u201eSeelow, wie hast du dich ver\u00e4ndert!\u201c Diesem Motto kann ich mich vollkommen anschlie\u00dfen. In den letzten Jahren wurde viel gebaut und saniert: ein Wohnprojekt f\u00fcr Senioren, neue Kindertagesst\u00e4tten, neue Schulen, die Erschlie\u00dfung von Wohngebieten, der Ausbau der Infrastruktur und zuletzt eine Skaterbahn f\u00fcr unsere Jugend.<\/p>\n\n\n\n<ul class=\"wp-block-list\">\n<li><strong>Engagierte Vereine<\/strong>: Die Zusammenarbeit zwischen den Vereinen ist hervorragend.<\/li>\n\n\n\n<li><strong>Menschlichkeit<\/strong>: In Seelow steht der Mensch im Mittelpunkt.<\/li>\n\n\n\n<li><strong>Gemeinschaft<\/strong>: Ob jung oder alt, hier findet jeder ein Zuhause.<\/li>\n<\/ul>\n\n\n\n<p><\/p>\n\n\n\n<h2 class=\"wp-block-heading has-text-color has-link-color wp-elements-84de006ea9bfd3cbab9c285f32e0e4d1\" style=\"color:#e3000f\"><strong>Meine Vision f\u00fcr Seelow<\/strong><\/h2>\n\n\n\n<div class=\"wp-block-columns is-layout-flex wp-container-core-columns-is-layout-9d6595d7 wp-block-columns-is-layout-flex\">\n<div class=\"wp-block-column is-layout-flow wp-block-column-is-layout-flow\" style=\"flex-basis:66.66%\">\n<p>Als Landtagskandidatin m\u00f6chte ich mich daf\u00fcr einsetzen, dass Seelow weiterhin ein lebenswerter Ort f\u00fcr alle Generationen bleibt. Meine Ziele umfassen:<\/p>\n\n\n\n<ol class=\"wp-block-list\">\n<li><strong>Bildung und Betreuung<\/strong>: Ich m\u00f6chte die Bildungs- und Betreuungsangebote in Seelow weiter ausbauen. Dazu geh\u00f6ren der Bau weiterer Kindertagesst\u00e4tten und Schulen sowie die F\u00f6rderung von Ganztagsangeboten und au\u00dferschulischen Aktivit\u00e4ten.<\/li>\n\n\n\n<li><strong>Wohnraum und Infrastruktur<\/strong>: Die Schaffung von bezahlbarem Wohnraum und die Erschlie\u00dfung neuer Wohngebiete sind mir ein besonderes Anliegen. Zudem setze ich mich f\u00fcr den Ausbau der digitalen Infrastruktur ein, um Seelow zukunftsf\u00e4hig zu machen.<\/li>\n\n\n\n<li><strong>Wirtschaft und Arbeitspl\u00e4tze<\/strong>: Ich m\u00f6chte die lokale Wirtschaft st\u00e4rken und neue Arbeitspl\u00e4tze schaffen. Dazu geh\u00f6rt die Unterst\u00fctzung von kleinen und mittelst\u00e4ndischen Unternehmen sowie die F\u00f6rderung von Start-ups und innovativen Projekten.<\/li>\n\n\n\n<li><strong>Umwelt und Nachhaltigkeit<\/strong>: Der Schutz unserer Umwelt und die F\u00f6rderung nachhaltiger Projekte liegen mir am Herzen. Ich setze mich f\u00fcr den Ausbau erneuerbarer Energien und umweltfreundlicher Mobilit\u00e4tskonzepte ein.<\/li>\n\n\n\n<li><strong>Soziales Miteinander<\/strong>: In Seelow soll sich jeder wohlf\u00fchlen. Ich m\u00f6chte die sozialen Angebote ausbauen und die Integration und Teilhabe aller B\u00fcrgerinnen und B\u00fcrger f\u00f6rdern. Dazu geh\u00f6rt auch die Unterst\u00fctzung von Vereinen und ehrenamtlichem Engagement.<\/li>\n<\/ol>\n<\/div>\n\n\n\n<div class=\"wp-block-column is-layout-flow wp-block-column-is-layout-flow\" style=\"flex-basis:33.33%\">\n<figure class=\"wp-block-image size-large\"><img loading=\"lazy\" decoding=\"async\" width=\"523\" height=\"1024\" src=\"https:\/\/xn--sina-schnbrunn-2pb.de\/wp-content\/uploads\/2024\/08\/WhatsApp-Bild-2024-08-27-um-16.15.10_c8f9e60d-523x1024.jpg\" alt=\"\" class=\"wp-image-161\" srcset=\"https:\/\/xn--sina-schnbrunn-2pb.de\/wp-content\/uploads\/2024\/08\/WhatsApp-Bild-2024-08-27-um-16.15.10_c8f9e60d-523x1024.jpg 523w, https:\/\/xn--sina-schnbrunn-2pb.de\/wp-content\/uploads\/2024\/08\/WhatsApp-Bild-2024-08-27-um-16.15.10_c8f9e60d-153x300.jpg 153w, https:\/\/xn--sina-schnbrunn-2pb.de\/wp-content\/uploads\/2024\/08\/WhatsApp-Bild-2024-08-27-um-16.15.10_c8f9e60d-768x1505.jpg 768w, https:\/\/xn--sina-schnbrunn-2pb.de\/wp-content\/uploads\/2024\/08\/WhatsApp-Bild-2024-08-27-um-16.15.10_c8f9e60d-784x1536.jpg 784w, https:\/\/xn--sina-schnbrunn-2pb.de\/wp-content\/uploads\/2024\/08\/WhatsApp-Bild-2024-08-27-um-16.15.10_c8f9e60d.jpg 1045w\" sizes=\"auto, (max-width: 523px) 100vw, 523px\" \/><\/figure>\n\n\n\n<figure class=\"wp-block-image size-large\"><img loading=\"lazy\" decoding=\"async\" width=\"516\" height=\"1024\" src=\"https:\/\/xn--sina-schnbrunn-2pb.de\/wp-content\/uploads\/2024\/08\/WhatsApp-Bild-2024-08-27-um-16.15.10_8d9a888c-516x1024.jpg\" alt=\"\" class=\"wp-image-160\" srcset=\"https:\/\/xn--sina-schnbrunn-2pb.de\/wp-content\/uploads\/2024\/08\/WhatsApp-Bild-2024-08-27-um-16.15.10_8d9a888c-516x1024.jpg 516w, https:\/\/xn--sina-schnbrunn-2pb.de\/wp-content\/uploads\/2024\/08\/WhatsApp-Bild-2024-08-27-um-16.15.10_8d9a888c-151x300.jpg 151w, https:\/\/xn--sina-schnbrunn-2pb.de\/wp-content\/uploads\/2024\/08\/WhatsApp-Bild-2024-08-27-um-16.15.10_8d9a888c-768x1526.jpg 768w, https:\/\/xn--sina-schnbrunn-2pb.de\/wp-content\/uploads\/2024\/08\/WhatsApp-Bild-2024-08-27-um-16.15.10_8d9a888c-773x1536.jpg 773w, https:\/\/xn--sina-schnbrunn-2pb.de\/wp-content\/uploads\/2024\/08\/WhatsApp-Bild-2024-08-27-um-16.15.10_8d9a888c.jpg 1031w\" sizes=\"auto, (max-width: 516px) 100vw, 516px\" \/><\/figure>\n<\/div>\n<\/div>\n\n\n\n<h2 class=\"wp-block-heading has-text-color has-link-color wp-elements-463aff9dc0e69a985487a8963343d6aa\" style=\"color:#e3000f\"><strong>Meine politische Erfahrung<\/strong><\/h2>\n\n\n\n<p>Seit vielen Jahren engagiere ich mich politisch f\u00fcr unsere Region. Ich habe in verschiedenen Gremien und Aussch\u00fcssen mitgewirkt und konnte dabei wertvolle Erfahrungen sammeln. Meine Schwerpunkte lagen dabei stets auf den Bereichen Bildung, Infrastruktur und soziale Gerechtigkeit. Durch meine berufliche Arbeit habe ich ein tiefes Verst\u00e4ndnis f\u00fcr die Bed\u00fcrfnisse und Anliegen unserer B\u00fcrgerinnen und B\u00fcrger entwickelt und bin fest entschlossen, mich weiterhin f\u00fcr ihre Belange einzusetzen.<\/p>\n\n\n\n<h2 class=\"wp-block-heading has-text-color has-link-color wp-elements-216e106d499a832f60bc4484731b099f\" style=\"color:#e3000f\"><strong>Meine politischen Werte<\/strong><\/h2>\n\n\n\n<p>Meine politischen Werte basieren auf den Prinzipien der Gerechtigkeit, Transparenz und Nachhaltigkeit. Ich glaube fest daran, dass:<\/p>\n\n\n\n<ul class=\"wp-block-list\">\n<li><strong>Gerechtigkeit<\/strong>: Jeder Mensch das Recht auf gleiche Chancen und faire Behandlung hat. Ich setze mich daf\u00fcr ein, soziale Ungleichheiten zu bek\u00e4mpfen und allen B\u00fcrgerinnen und B\u00fcrgern Zugang zu Bildung, Arbeit und Wohnraum zu erm\u00f6glichen.<\/li>\n\n\n\n<li><strong>Transparenz<\/strong>: Politische Entscheidungen offen und nachvollziehbar sein m\u00fcssen. Ich stehe f\u00fcr eine transparente und b\u00fcrgernahe Politik, bei der die Anliegen und Meinungen der Menschen ernst genommen werden.<\/li>\n\n\n\n<li><strong>Transparenz<\/strong>: Politische Entscheidungen offen und nachvollziehbar sein m\u00fcssen. Ich stehe f\u00fcr eine transparente und b\u00fcrgernahe Politik, bei der die Anliegen und Meinungen der Menschen ernst genommen werden.<\/li>\n<\/ul>\n\n\n\n<p>Gemeinsam k\u00f6nnen wir Seelow zu einem noch besseren Ort zum Leben machen. Ich freue mich darauf, diese Ziele mit Ihnen zu verwirklichen.<\/p>\n","protected":false},"excerpt":{"rendered":"<p>Mein Seelow Seit meiner Geburt lebe ich mit meiner Familie in Seelow, der kleinsten Kreisstadt Deutschlands. Seelow liegt auf der Hochebene des Oderbruchs und an zwei ehemals bedeutenden Handelsstra\u00dfen. Unser &#8230;<\/p>\n","protected":false},"author":1,"featured_media":0,"parent":0,"menu_order":0,"comment_status":"closed","ping_status":"closed","template":"","meta":{"footnotes":""},"class_list":["post-27","page","type-page","status-publish","hentry"],"publishpress_future_action":{"enabled":false,"date":"2026-04-22 15:32:15","action":"change-status","newStatus":"draft","terms":[],"taxonomy":"","extraData":[]},"publishpress_future_workflow_manual_trigger":{"enabledWorkflows":[]},"_links":{"self":[{"href":"https:\/\/xn--sina-schnbrunn-2pb.de\/index.php\/wp-json\/wp\/v2\/pages\/27","targetHints":{"allow":["GET"]}}],"collection":[{"href":"https:\/\/xn--sina-schnbrunn-2pb.de\/index.php\/wp-json\/wp\/v2\/pages"}],"about":[{"href":"https:\/\/xn--sina-schnbrunn-2pb.de\/index.php\/wp-json\/wp\/v2\/types\/page"}],"author":[{"embeddable":true,"href":"https:\/\/xn--sina-schnbrunn-2pb.de\/index.php\/wp-json\/wp\/v2\/users\/1"}],"replies":[{"embeddable":true,"href":"https:\/\/xn--sina-schnbrunn-2pb.de\/index.php\/wp-json\/wp\/v2\/comments?post=27"}],"version-history":[{"count":5,"href":"https:\/\/xn--sina-schnbrunn-2pb.de\/index.php\/wp-json\/wp\/v2\/pages\/27\/revisions"}],"predecessor-version":[{"id":186,"href":"https:\/\/xn--sina-schnbrunn-2pb.de\/index.php\/wp-json\/wp\/v2\/pages\/27\/revisions\/186"}],"wp:attachment":[{"href":"https:\/\/xn--sina-schnbrunn-2pb.de\/index.php\/wp-json\/wp\/v2\/media?parent=27"}],"curies":[{"name":"wp","href":"https:\/\/api.w.org\/{rel}","templated":true}]}}