{"id":2,"date":"2024-01-29T18:39:10","date_gmt":"2024-01-29T18:39:10","guid":{"rendered":"https:\/\/xn--sina-schnbrunn-2pb.de\/?page_id=2"},"modified":"2025-03-22T11:18:24","modified_gmt":"2025-03-22T10:18:24","slug":"willkommen","status":"publish","type":"page","link":"https:\/\/xn--sina-schnbrunn-2pb.de\/","title":{"rendered":"\u201eNicht meckern \u2013 machen!\u201c"},"content":{"rendered":"\n<div class=\"wp-block-media-text is-stacked-on-mobile\" style=\"grid-template-columns:25% auto\"><figure class=\"wp-block-media-text__media\"><img loading=\"lazy\" decoding=\"async\" width=\"683\" height=\"1024\" src=\"https:\/\/xn--sina-schnbrunn-2pb.de\/wp-content\/uploads\/2024\/09\/BenGross_Portrait_Sina_001-1-683x1024.jpg\" alt=\"\" class=\"wp-image-243 size-full\" srcset=\"https:\/\/xn--sina-schnbrunn-2pb.de\/wp-content\/uploads\/2024\/09\/BenGross_Portrait_Sina_001-1-683x1024.jpg 683w, https:\/\/xn--sina-schnbrunn-2pb.de\/wp-content\/uploads\/2024\/09\/BenGross_Portrait_Sina_001-1-200x300.jpg 200w, https:\/\/xn--sina-schnbrunn-2pb.de\/wp-content\/uploads\/2024\/09\/BenGross_Portrait_Sina_001-1-768x1152.jpg 768w, https:\/\/xn--sina-schnbrunn-2pb.de\/wp-content\/uploads\/2024\/09\/BenGross_Portrait_Sina_001-1-1024x1536.jpg 1024w, https:\/\/xn--sina-schnbrunn-2pb.de\/wp-content\/uploads\/2024\/09\/BenGross_Portrait_Sina_001-1-1366x2048.jpg 1366w, https:\/\/xn--sina-schnbrunn-2pb.de\/wp-content\/uploads\/2024\/09\/BenGross_Portrait_Sina_001-1-scaled.jpg 1707w\" sizes=\"auto, (max-width: 683px) 100vw, 683px\" \/><\/figure><div class=\"wp-block-media-text__content\">\n<p class=\"has-large-font-size\">Genau das ist mein Lebensmotto. \u00c4rmel hoch und loslegen. <\/p>\n\n\n\n<p class=\"has-large-font-size\">Mein Name ist Sina Sch\u00f6nbrunn, ich wohne in Seelow und bin SPD-Landtagskandidatin f\u00fcr den Wahlkreis M\u00e4rkisch-Oderland IV zur Landtagswahl in Brandenburg in diesem Jahr 2024. Mein Wahlkreis umfasst die St\u00e4dte M\u00fcncheberg und Seelow sowie die <a href=\"https:\/\/letschin.de\" target=\"_blank\" rel=\"noreferrer noopener\">Gemeinde Letschin<\/a> und die \u00c4mter <a href=\"https:\/\/www.amt-golzow.de\/\" data-type=\"link\" data-id=\"https:\/\/www.amt-golzow.de\/\" target=\"_blank\" rel=\"noreferrer noopener\">Golzow<\/a>, <a href=\"https:\/\/www.amt-lebus.de\/\" target=\"_blank\" rel=\"noreferrer noopener\">Lebus<\/a>, <a href=\"https:\/\/www.amt-maerkische-schweiz.de\/\" target=\"_blank\" rel=\"noreferrer noopener\">M\u00e4rkische Schweiz<\/a> und <a href=\"https:\/\/www.amt-seelow-land.de\/\" target=\"_blank\" rel=\"noreferrer noopener\">Seelow-Land<\/a>. Ich will, dass die <a href=\"https:\/\/spd-mol.de\" target=\"_blank\" rel=\"noreferrer noopener\">SPD<\/a> stark und Dietmar Woidke unser Ministerpr\u00e4sident bleibt. Das ist gut f\u00fcr Brandenburg!<\/p>\n\n\n\n<p class=\"has-large-font-size\">Ich m\u00f6chte meine Heimat nach der Landtagswahl am 22. September 2024 mit Engagement und frischen Ideen vertreten.<\/p>\n<\/div><\/div>\n\n\n\n<p class=\"has-large-font-size\"><\/p>\n\n\n\n<p class=\"has-large-font-size\">Gutes Leben auf dem Land hei\u00dft f\u00fcr mich: Zuverl\u00e4ssige und schnelle Verkehrsverbindungen, faire Mieten, gute Bildung f\u00fcr unsere Kinder, Ausbau der Digitalisierung, leistungsf\u00e4hige Verwaltung und kraftvolles Eintreten f\u00fcr unsere Landwirtschaft.<\/p>\n\n\n\n<p class=\"has-large-font-size\">Auf meiner Webseite finden Sie Informationen \u00fcber Pers\u00f6nliches, \u00fcber meine Ideen und \u00fcber mein Engagement. Bitte sprechen Sie mich an, wenn Sie Fragen oder Anregungen haben. Ich mache Politik f\u00fcr Sie und ich freue mich, von ihnen zu h\u00f6ren!<\/p>\n\n\n\n<p><\/p>\n\n\n\n<p class=\"has-large-font-size\">Mit den besten Gr\u00fc\u00dfen<br>Ihre Sina Sch\u00f6nbrunn<\/p>\n\n\n\n<p><\/p>\n","protected":false},"excerpt":{"rendered":"<p>Genau das ist mein Lebensmotto. \u00c4rmel hoch und loslegen. Mein Name ist Sina Sch\u00f6nbrunn, ich wohne in Seelow und bin SPD-Landtagskandidatin f\u00fcr den Wahlkreis M\u00e4rkisch-Oderland IV zur Landtagswahl in Brandenburg &#8230;<\/p>\n","protected":false},"author":1,"featured_media":0,"parent":0,"menu_order":0,"comment_status":"closed","ping_status":"closed","template":"","meta":{"footnotes":""},"class_list":["post-2","page","type-page","status-publish","hentry"],"publishpress_future_action":{"enabled":false,"date":"2026-04-22 12:40:33","action":"change-status","newStatus":"draft","terms":[],"taxonomy":"","extraData":[]},"publishpress_future_workflow_manual_trigger":{"enabledWorkflows":[]},"_links":{"self":[{"href":"https:\/\/xn--sina-schnbrunn-2pb.de\/index.php\/wp-json\/wp\/v2\/pages\/2","targetHints":{"allow":["GET"]}}],"collection":[{"href":"https:\/\/xn--sina-schnbrunn-2pb.de\/index.php\/wp-json\/wp\/v2\/pages"}],"about":[{"href":"https:\/\/xn--sina-schnbrunn-2pb.de\/index.php\/wp-json\/wp\/v2\/types\/page"}],"author":[{"embeddable":true,"href":"https:\/\/xn--sina-schnbrunn-2pb.de\/index.php\/wp-json\/wp\/v2\/users\/1"}],"replies":[{"embeddable":true,"href":"https:\/\/xn--sina-schnbrunn-2pb.de\/index.php\/wp-json\/wp\/v2\/comments?post=2"}],"version-history":[{"count":19,"href":"https:\/\/xn--sina-schnbrunn-2pb.de\/index.php\/wp-json\/wp\/v2\/pages\/2\/revisions"}],"predecessor-version":[{"id":1486,"href":"https:\/\/xn--sina-schnbrunn-2pb.de\/index.php\/wp-json\/wp\/v2\/pages\/2\/revisions\/1486"}],"wp:attachment":[{"href":"https:\/\/xn--sina-schnbrunn-2pb.de\/index.php\/wp-json\/wp\/v2\/media?parent=2"}],"curies":[{"name":"wp","href":"https:\/\/api.w.org\/{rel}","templated":true}]}}